{"id":627,"date":"2025-05-05T12:04:03","date_gmt":"2025-05-05T10:04:03","guid":{"rendered":"https:\/\/archiviodistatoverbania.cultura.gov.it\/?page_id=627"},"modified":"2025-05-06T13:28:40","modified_gmt":"2025-05-06T11:28:40","slug":"informacion-general-y-historia-del-archivo","status":"publish","type":"page","link":"https:\/\/archiviodistatoverbania.cultura.gov.it\/?page_id=627&lang=es","title":{"rendered":"Informaci\u00f3n general y historia del archivo"},"content":{"rendered":"<p>El Archivo Estatal de Verbania, una oficina perif\u00e9rica del Ministerio de Cultura italiano, se cre\u00f3 mediante Decreto Ministerial del 27 de marzo de 1972 como una secci\u00f3n del Archivo Estatal de Novara para la conservaci\u00f3n de la documentaci\u00f3n producida por las oficinas estatales presentes en la zona del Alto Novarese.<\/p>\n<p>Tras la creaci\u00f3n de la provincia de Verbano-Cusio-Ossola, se autonomiz\u00f3 mediante Decreto Ministerial del 24 de mayo de 1997.<\/p>\n<p>&nbsp;<\/p>\n<p>El Archivo se ubica en un edificio con un amplio p\u00f3rtico, techo abovedado y ocho columnas de granito, que rodea un jard\u00edn.<\/p>\n<p>Este edificio se construy\u00f3 a partir de 1786 para albergar escuelas y, tras la restauraci\u00f3n posnapole\u00f3nica, se instal\u00f3 all\u00ed el gimnasio. Alrededor de 1860, se identificaron otros edificios para uso escolar, por lo que el edificio se elev\u00f3 en un tercer piso y se renov\u00f3 para albergar el Tribunal, el Juzgado de Paz y, durante un breve periodo, el Tribunal de lo Penal. En 1970, tras el traslado a la nueva sede de las oficinas judiciales, el edificio fue objeto de nuevas reformas para adaptarlo a la secci\u00f3n del Archivo Estatal, que entr\u00f3 en funcionamiento en 1976.<\/p>\n<p>Actualmente, el archivo cuenta con nueve almacenes distribuidos en tres plantas, cinco salas destinadas a despachos, una sala de estudio y una amplia sala para exposiciones y conferencias.<\/p>\n<p>Las tareas del instituto son esencialmente la protecci\u00f3n, conservaci\u00f3n y puesta en valor de la documentaci\u00f3n. Esto se lleva a cabo mediante:<\/p>\n<ul>\n<li>la supervisi\u00f3n del desarrollo de los archivos de los organismos estatales;<\/li>\n<li>la adquisici\u00f3n, mediante compra, dep\u00f3sito o donaci\u00f3n, de documentaci\u00f3n de inter\u00e9s hist\u00f3rico procedente de oficinas estatales, organismos p\u00fablicos y particulares;<\/li>\n<li>la reorganizaci\u00f3n del archivo y el desarrollo de las herramientas de investigaci\u00f3n correspondientes (inventarios, \u00edndices, listas de consistencia, bases de datos);<\/li>\n<li>la restauraci\u00f3n de documentos y el mantenimiento y la adaptaci\u00f3n funcional de la sede;<\/li>\n<li>iniciativas educativas dirigidas a centros educativos y de promoci\u00f3n para promover la valorizaci\u00f3n de los documentos, tambi\u00e9n en colaboraci\u00f3n con otras instituciones culturales. El Archivo Estatal de Verbania ofrece al p\u00fablico los siguientes servicios:<\/li>\n<li>Acceso gratuito a la sala de estudio para la realizaci\u00f3n de investigaciones hist\u00f3ricas y administrativas con el apoyo del asesoramiento t\u00e9cnico-cient\u00edfico del personal del instituto;<\/li>\n<li>Reproducci\u00f3n de documentos mediante esc\u00e1ner o c\u00e1mara, a cargo del personal del instituto;<\/li>\n<li>Investigaci\u00f3n a distancia, con fines administrativos y de estudio, por correo electr\u00f3nico;<\/li>\n<li>Visitas did\u00e1cticas con reserva previa, destinadas a presentar la documentaci\u00f3n como fuente hist\u00f3rica, y cursos cortos de investigaci\u00f3n para introducir a los estudiantes en la investigaci\u00f3n archiv\u00edstica.<\/li>\n<\/ul>\n","protected":false},"excerpt":{"rendered":"<p>El Archivo Estatal de Verbania, una oficina perif\u00e9rica del Ministerio de Cultura italiano, se cre\u00f3 mediante Decreto Ministerial del 27 de marzo de 1972 como &#8230; <\/p>\n","protected":false},"author":1,"featured_media":0,"parent":0,"menu_order":0,"comment_status":"closed","ping_status":"closed","template":"","meta":{"footnotes":""},"class_list":["post-627","page","type-page","status-publish","hentry"],"_links":{"self":[{"href":"https:\/\/archiviodistatoverbania.cultura.gov.it\/index.php?rest_route=\/wp\/v2\/pages\/627","targetHints":{"allow":["GET"]}}],"collection":[{"href":"https:\/\/archiviodistatoverbania.cultura.gov.it\/index.php?rest_route=\/wp\/v2\/pages"}],"about":[{"href":"https:\/\/archiviodistatoverbania.cultura.gov.it\/index.php?rest_route=\/wp\/v2\/types\/page"}],"author":[{"embeddable":true,"href":"https:\/\/archiviodistatoverbania.cultura.gov.it\/index.php?rest_route=\/wp\/v2\/users\/1"}],"replies":[{"embeddable":true,"href":"https:\/\/archiviodistatoverbania.cultura.gov.it\/index.php?rest_route=%2Fwp%2Fv2%2Fcomments&post=627"}],"version-history":[{"count":1,"href":"https:\/\/archiviodistatoverbania.cultura.gov.it\/index.php?rest_route=\/wp\/v2\/pages\/627\/revisions"}],"predecessor-version":[{"id":628,"href":"https:\/\/archiviodistatoverbania.cultura.gov.it\/index.php?rest_route=\/wp\/v2\/pages\/627\/revisions\/628"}],"wp:attachment":[{"href":"https:\/\/archiviodistatoverbania.cultura.gov.it\/index.php?rest_route=%2Fwp%2Fv2%2Fmedia&parent=627"}],"curies":[{"name":"wp","href":"https:\/\/api.w.org\/{rel}","templated":true}]}}