{"id":629,"date":"2025-05-05T12:06:28","date_gmt":"2025-05-05T10:06:28","guid":{"rendered":"https:\/\/archiviodistatoverbania.cultura.gov.it\/?page_id=629"},"modified":"2025-05-06T13:28:07","modified_gmt":"2025-05-06T11:28:07","slug":"consulta-de-documentos-en-la-sala-de-estudio","status":"publish","type":"page","link":"https:\/\/archiviodistatoverbania.cultura.gov.it\/?page_id=629&lang=es","title":{"rendered":"Consulta de documentos en la sala de estudio"},"content":{"rendered":"<p>La investigaci\u00f3n en el Archivo Estatal es gratuita y est\u00e1 abierta a todos.<\/p>\n<p>Para garantizar la conservaci\u00f3n del material documental y la eficiencia del funcionamiento de la Sala de Estudio, el personal, los investigadores y los usuarios deben cumplir con estas normas.<\/p>\n<p>1. Para acceder a la Sala de Estudio, es necesario rellenar \u00edntegramente una solicitud anual de acceso a consulta. Esta solicitud estar\u00e1 disponible a la entrada.<\/p>\n<p>2. Los abrigos, bolsos y maletines deben dejarse en las taquillas de la entrada. Se permite el uso de tel\u00e9fonos m\u00f3viles y\/o c\u00e1maras fotogr\u00e1ficas.<\/p>\n<p>3. En la Sala de Estudio, solo se permite el uso del material de escritura necesario para la investigaci\u00f3n; se excluyen todos aquellos instrumentos que puedan manchar o da\u00f1ar los documentos (bol\u00edgrafos, rotuladores y similares). No se permite consumir ni introducir alimentos ni bebidas en la Sala de Estudio, y los tel\u00e9fonos m\u00f3viles deben estar apagados o en modo silencioso.<\/p>\n<p>4. Los usuarios deben firmar de forma legible en el registro de asistencia.<\/p>\n<p>5. Los materiales\/inventarios disponibles en la p\u00e1gina web institucional y en la Sala de Estudio son de libre consulta y su reproducci\u00f3n solo es posible para uso personal.<\/p>\n<p>6. Las solicitudes de consulta de material documental deben realizarse con reserva previa (antes de las 12:00 h del d\u00eda laborable anterior al solicitado) por correo electr\u00f3nico a as-vb@cultura.gov.it, seg\u00fan los siguientes m\u00e9todos:<\/p>\n<p>Hasta un m\u00e1ximo de <strong>5 unidades de archivo<\/strong> y <strong>3 unidades bibliogr\u00e1ficas<\/strong> por persona.<br \/>\nHay <strong>3 franjas horarias disponibles<\/strong>: <strong>de 8:30 a 10:30, de 10:30 a 12:30 y de 13:15 a 15:15<\/strong>. En caso de investigaciones hist\u00f3ricas especialmente largas y complejas, es posible reservar una estaci\u00f3n para m\u00e1s franjas horarias, si est\u00e1n disponibles.<br \/>\nEn el correo electr\u00f3nico de reserva, es necesario indicar con precisi\u00f3n la colecci\u00f3n, la serie y el n\u00famero de la unidad de archivo solicitada (la informaci\u00f3n est\u00e1 disponible en los inventarios en l\u00ednea publicados en la p\u00e1gina web institucional y en los inventarios presentes en la propia Sala de Estudio), d\u00eda y horario de preferencia, nombre de la persona que acceder\u00e1. Es necesario esperar un correo electr\u00f3nico de confirmaci\u00f3n del Instituto. No se permitir\u00e1 el acceso a acompa\u00f1antes no indicados en el correo electr\u00f3nico simult\u00e1neamente.<\/p>\n<p>7. El aforo m\u00e1ximo de la Sala de Estudio es de 2 usuarios por cada horario (m\u00e1ximo 6 usuarios por d\u00eda).<\/p>\n<p>8. No es posible garantizar la asistencia cualificada continua del personal de archivo en la Sala de Estudio; el investigador debe realizar la investigaci\u00f3n de forma independiente. Si se necesita asistencia especializada de archivo, se recomienda notificarlo con suficiente antelaci\u00f3n al realizar la reserva. Para cualquier informaci\u00f3n general y sobre el manejo de las unidades de archivo (v\u00e9ase el art. 11), puede contactar con el personal de seguridad, que est\u00e1 presente constantemente en la Sala de Estudio.<\/p>\n<p>9. Cada usuario solo puede consultar el material documental reservado con antelaci\u00f3n; no se aceptar\u00e1n solicitudes imprevistas de unidades de archivo adicionales.<\/p>\n<p>10. El material de la biblioteca colocado en los estantes abiertos de la Sala de Estudio se puede consultar libremente. El material en dep\u00f3sito se puede solicitar con antelaci\u00f3n mediante reserva por correo electr\u00f3nico, con un m\u00e1ximo de 3 unidades al d\u00eda. No se ofrece servicio de pr\u00e9stamo.<\/p>\n<p>11. Los usuarios deben abrir solo una carpeta a la vez en su mesa, cerr\u00e1ndola cuidadosamente tras la consulta y coloc\u00e1ndola en el carrito. Deben mantener el orden estricto de los documentos dentro de cada unidad de archivo y de cualquier carpeta interna. Deben manipular los documentos con cuidado. No deben escribir sobre ellos ni hacer marcas de ning\u00fan tipo. No deben hacer cancelaciones. No deben forzar las encuadernaciones de los vol\u00famenes encuadernados durante la apertura (se pueden solicitar soportes especiales) ni despegar las p\u00e1ginas pegadas.<\/p>\n<p>12. No se permite, bajo ning\u00fan concepto, abandonar su puesto con los documentos en consulta. En caso de salida temporal de la sala de estudio, es obligatorio notificar al personal de seguridad, quien custodiar\u00e1 temporalmente el material documental.<\/p>\n<p>13. Una vez finalizada la consulta, el material de archivo debe cerrarse cuidadosamente y colocarse en el carrito. Si se solicita, su conservaci\u00f3n en dep\u00f3sito no podr\u00e1 superar los 10 d\u00edas h\u00e1biles. Cada usuario puede almacenar hasta 3 unidades de archivo. El material bibliogr\u00e1fico de libre consulta debe colocarse en los estantes en la posici\u00f3n exacta.<\/p>\n<p>14. No se permite a los usuarios realizar fotocopias por s\u00ed mismos. Es posible utilizar el servicio interno de fotocopias o usar c\u00e1maras propias rellenando el formulario correspondiente disponible en la Sala. El servicio de fotocopias se realiza seg\u00fan los m\u00e9todos establecidos en el propio Reglamento (Anexo 1).<\/p>\n<p>15. La Direcci\u00f3n podr\u00e1, en cualquier momento, excluir de la consulta y\/o fotocopia los documentos que no est\u00e9n ordenados, no inventariados, en restauraci\u00f3n o cuyo estado de conservaci\u00f3n lo requiera.<\/p>\n<p>16. El personal podr\u00e1 realizar comprobaciones del estado de los documentos y de sus m\u00e9todos de uso. Los usuarios que infrinjan este Reglamento podr\u00e1n ser expulsados del Instituto o, en los casos previstos por la ley, denunciados ante la Autoridad competente y el Ministerio de Cultura para su posible exclusi\u00f3n.<\/p>\n","protected":false},"excerpt":{"rendered":"<p>La investigaci\u00f3n en el Archivo Estatal es gratuita y est\u00e1 abierta a todos. Para garantizar la conservaci\u00f3n del material documental y la eficiencia del funcionamiento &#8230; <\/p>\n","protected":false},"author":1,"featured_media":0,"parent":0,"menu_order":0,"comment_status":"closed","ping_status":"closed","template":"","meta":{"footnotes":""},"class_list":["post-629","page","type-page","status-publish","hentry"],"_links":{"self":[{"href":"https:\/\/archiviodistatoverbania.cultura.gov.it\/index.php?rest_route=\/wp\/v2\/pages\/629","targetHints":{"allow":["GET"]}}],"collection":[{"href":"https:\/\/archiviodistatoverbania.cultura.gov.it\/index.php?rest_route=\/wp\/v2\/pages"}],"about":[{"href":"https:\/\/archiviodistatoverbania.cultura.gov.it\/index.php?rest_route=\/wp\/v2\/types\/page"}],"author":[{"embeddable":true,"href":"https:\/\/archiviodistatoverbania.cultura.gov.it\/index.php?rest_route=\/wp\/v2\/users\/1"}],"replies":[{"embeddable":true,"href":"https:\/\/archiviodistatoverbania.cultura.gov.it\/index.php?rest_route=%2Fwp%2Fv2%2Fcomments&post=629"}],"version-history":[{"count":2,"href":"https:\/\/archiviodistatoverbania.cultura.gov.it\/index.php?rest_route=\/wp\/v2\/pages\/629\/revisions"}],"predecessor-version":[{"id":885,"href":"https:\/\/archiviodistatoverbania.cultura.gov.it\/index.php?rest_route=\/wp\/v2\/pages\/629\/revisions\/885"}],"wp:attachment":[{"href":"https:\/\/archiviodistatoverbania.cultura.gov.it\/index.php?rest_route=%2Fwp%2Fv2%2Fmedia&parent=629"}],"curies":[{"name":"wp","href":"https:\/\/api.w.org\/{rel}","templated":true}]}}