{"id":631,"date":"2025-05-05T12:08:18","date_gmt":"2025-05-05T10:08:18","guid":{"rendered":"https:\/\/archiviodistatoverbania.cultura.gov.it\/?page_id=631"},"modified":"2025-05-06T13:57:34","modified_gmt":"2025-05-06T11:57:34","slug":"solicitud-de-reproduccion","status":"publish","type":"page","link":"https:\/\/archiviodistatoverbania.cultura.gov.it\/?page_id=631&lang=es","title":{"rendered":"Solicitud de reproducci\u00f3n"},"content":{"rendered":"<p>La investigaci\u00f3n en el Archivo Estatal es gratuita y abierta, y debe ser realizada directamente por el usuario, con la ayuda de los inventarios y las herramientas de investigaci\u00f3n disponibles en la Sala de Estudio, tanto en formato impreso como en l\u00ednea, en el sitio web institucional.<\/p>\n<p>No obstante, el usuario tiene la posibilidad de realizar una investigaci\u00f3n a distancia cuando el objeto de la misma est\u00e9 bien definido y pueda proporcionar referencias archiv\u00edsticas precisas para un n\u00famero limitado de unidades de archivo. Por ejemplo, no es posible buscar un nombre dentro de toda la colecci\u00f3n.<\/p>\n<p>Es posible solicitar una investigaci\u00f3n a distancia:<\/p>\n<p>\u2013 por correo electr\u00f3nico a la direcci\u00f3n <strong>as-vb@cultura.gov.it<\/strong>, adjuntando necesariamente una copia de su documento de identidad o utilizando su firma electr\u00f3nica; indique con precisi\u00f3n el tema de la b\u00fasqueda, proporcionando toda la informaci\u00f3n que posee y especificando el fondo y los registros que desea consultar.<\/p>\n<p>No es posible realizar transcripciones\/traducciones de documentos, investigaciones geneal\u00f3gicas completas ni investigaciones sobre grandes partes de la colecci\u00f3n: el personal del archivo solo puede realizar investigaciones en un n\u00famero limitado de unidades documentales.<\/p>\n<p>Las solicitudes se procesar\u00e1n en un plazo de 30 d\u00edas a partir de su recepci\u00f3n.<\/p>\n<p>Solo en casos de urgencia comprobada (cita judicial o ante notario, etc.) es posible solicitar una reducci\u00f3n del plazo.<\/p>\n<p>Se proporcionar\u00e1 la informaci\u00f3n solicitada y el presupuesto para las reproducciones, junto con las instrucciones de pago, si se solicita. La lista de precios ministerial para las reproducciones est\u00e1 disponible aqu\u00ed.<\/p>\n<p>Para obtener certificados de nacimiento, residencia, matrimonio y defunci\u00f3n, debe contactar con las oficinas municipales competentes. Este instituto no puede emitir ni autenticar dichos certificados. Finalmente, le recordamos que todos los registros del estado civil aqu\u00ed almacenados pueden consultarse libremente en el Portal Antenati, en esta p\u00e1gina: http:\/\/dl.antenati.san.beniculturali.it\/v\/Archivio+di+Stato+di+Verbania\/<\/p>\n<p>Por lo tanto, no se tendr\u00e1n en cuenta las solicitudes de certificados, las b\u00fasquedas gen\u00e9ricas de nombres sin indicaci\u00f3n exacta del a\u00f1o y lugar de nacimiento ni las b\u00fasquedas en los registros del estado civil (publicados \u00edntegramente en el Portal Antenati).<\/p>\n","protected":false},"excerpt":{"rendered":"<p>La investigaci\u00f3n en el Archivo Estatal es gratuita y abierta, y debe ser realizada directamente por el usuario, con la ayuda de los inventarios y &#8230; <\/p>\n","protected":false},"author":1,"featured_media":0,"parent":0,"menu_order":0,"comment_status":"closed","ping_status":"closed","template":"","meta":{"footnotes":""},"class_list":["post-631","page","type-page","status-publish","hentry"],"_links":{"self":[{"href":"https:\/\/archiviodistatoverbania.cultura.gov.it\/index.php?rest_route=\/wp\/v2\/pages\/631","targetHints":{"allow":["GET"]}}],"collection":[{"href":"https:\/\/archiviodistatoverbania.cultura.gov.it\/index.php?rest_route=\/wp\/v2\/pages"}],"about":[{"href":"https:\/\/archiviodistatoverbania.cultura.gov.it\/index.php?rest_route=\/wp\/v2\/types\/page"}],"author":[{"embeddable":true,"href":"https:\/\/archiviodistatoverbania.cultura.gov.it\/index.php?rest_route=\/wp\/v2\/users\/1"}],"replies":[{"embeddable":true,"href":"https:\/\/archiviodistatoverbania.cultura.gov.it\/index.php?rest_route=%2Fwp%2Fv2%2Fcomments&post=631"}],"version-history":[{"count":2,"href":"https:\/\/archiviodistatoverbania.cultura.gov.it\/index.php?rest_route=\/wp\/v2\/pages\/631\/revisions"}],"predecessor-version":[{"id":734,"href":"https:\/\/archiviodistatoverbania.cultura.gov.it\/index.php?rest_route=\/wp\/v2\/pages\/631\/revisions\/734"}],"wp:attachment":[{"href":"https:\/\/archiviodistatoverbania.cultura.gov.it\/index.php?rest_route=%2Fwp%2Fv2%2Fmedia&parent=631"}],"curies":[{"name":"wp","href":"https:\/\/api.w.org\/{rel}","templated":true}]}}