{"id":633,"date":"2025-05-05T12:09:35","date_gmt":"2025-05-05T10:09:35","guid":{"rendered":"https:\/\/archiviodistatoverbania.cultura.gov.it\/?page_id=633"},"modified":"2025-05-06T13:28:52","modified_gmt":"2025-05-06T11:28:52","slug":"pagos","status":"publish","type":"page","link":"https:\/\/archiviodistatoverbania.cultura.gov.it\/?page_id=633&lang=es","title":{"rendered":"Pagos"},"content":{"rendered":"<p>Los pagos a este Instituto pueden realizarse a trav\u00e9s de la plataforma <strong>PagoPA<\/strong> <a href=\"https:\/\/pagonline.cultura.gov.it\/pagamenti-pagopa\/operazioni\/home.do\">en esta direcci\u00f3n<\/a>. Despu\u00e9s de registrarse, seleccione &#8220;Acquista servizio&#8221; en el men\u00fa desplegable &#8220;Archivio di Stato di Verbania&#8221;, un servicio disponible (por ejemplo, servicio de reproducci\u00f3n de fotos tomadas de forma independiente en la Sala de Estudio con fines administrativos) y elija el m\u00e9todo de pago electr\u00f3nico preferido (tarjeta de cr\u00e9dito\/d\u00e9bito, cuenta corriente, etc.).<br \/>\nEn el campo &#8220;Causale&#8221;, indique: <strong>Archivio di Stato di Verbania \u2013 Servizi aggiuntivi Capo XXIX, Capitolo 2584 art. 3<\/strong><\/p>\n","protected":false},"excerpt":{"rendered":"<p>Los pagos a este Instituto pueden realizarse a trav\u00e9s de la plataforma PagoPA en esta direcci\u00f3n. Despu\u00e9s de registrarse, seleccione &#8220;Acquista servizio&#8221; en el men\u00fa &#8230; <\/p>\n","protected":false},"author":1,"featured_media":0,"parent":0,"menu_order":0,"comment_status":"closed","ping_status":"closed","template":"","meta":{"footnotes":""},"class_list":["post-633","page","type-page","status-publish","hentry"],"_links":{"self":[{"href":"https:\/\/archiviodistatoverbania.cultura.gov.it\/index.php?rest_route=\/wp\/v2\/pages\/633","targetHints":{"allow":["GET"]}}],"collection":[{"href":"https:\/\/archiviodistatoverbania.cultura.gov.it\/index.php?rest_route=\/wp\/v2\/pages"}],"about":[{"href":"https:\/\/archiviodistatoverbania.cultura.gov.it\/index.php?rest_route=\/wp\/v2\/types\/page"}],"author":[{"embeddable":true,"href":"https:\/\/archiviodistatoverbania.cultura.gov.it\/index.php?rest_route=\/wp\/v2\/users\/1"}],"replies":[{"embeddable":true,"href":"https:\/\/archiviodistatoverbania.cultura.gov.it\/index.php?rest_route=%2Fwp%2Fv2%2Fcomments&post=633"}],"version-history":[{"count":2,"href":"https:\/\/archiviodistatoverbania.cultura.gov.it\/index.php?rest_route=\/wp\/v2\/pages\/633\/revisions"}],"predecessor-version":[{"id":655,"href":"https:\/\/archiviodistatoverbania.cultura.gov.it\/index.php?rest_route=\/wp\/v2\/pages\/633\/revisions\/655"}],"wp:attachment":[{"href":"https:\/\/archiviodistatoverbania.cultura.gov.it\/index.php?rest_route=%2Fwp%2Fv2%2Fmedia&parent=633"}],"curies":[{"name":"wp","href":"https:\/\/api.w.org\/{rel}","templated":true}]}}