{"id":637,"date":"2025-05-05T14:37:52","date_gmt":"2025-05-05T12:37:52","guid":{"rendered":"https:\/\/archiviodistatoverbania.cultura.gov.it\/?page_id=637"},"modified":"2025-05-06T13:30:50","modified_gmt":"2025-05-06T11:30:50","slug":"informacoes-gerais-e-historia-do-arquivo","status":"publish","type":"page","link":"https:\/\/archiviodistatoverbania.cultura.gov.it\/?page_id=637&lang=pt","title":{"rendered":"Informa\u00e7\u00f5es gerais e hist\u00f3ria do arquivo"},"content":{"rendered":"<p>O Arquivo Estatal de Verbania, um escrit\u00f3rio perif\u00e9rico do Minist\u00e9rio da Cultura italiano, foi criado pelo Decreto Ministerial de 27 de mar\u00e7o de 1972 como uma se\u00e7\u00e3o do Arquivo Estatal de Novara para a preserva\u00e7\u00e3o da documenta\u00e7\u00e3o produzida pelos escrit\u00f3rios estatais presentes na \u00e1rea de Alto Novarese.<br \/>\nAp\u00f3s a cria\u00e7\u00e3o da prov\u00edncia de Verbano-Cusio-Ossola, ela se tornou aut\u00f4noma com o Decreto Ministerial de 24 de maio de 1997.<\/p>\n<p>O Arquivo est\u00e1 localizado num edif\u00edcio com um grande p\u00f3rtico, com teto abobadado e oito colunas de granito, dispostas em torno de um jardim.<br \/>\nEste foi constru\u00eddo a partir de 1786 para abrigar escolas e ap\u00f3s a restaura\u00e7\u00e3o p\u00f3s-napole\u00f4nica o gin\u00e1sio<br \/>\nfoi estabelecida l\u00e1. Por volta de 1860, outros edif\u00edcios foram identificados para uso escolar e o edif\u00edcio foi elevado no terceiro andar e reformado para abrigar o Tribunal, o Tribunal de Magistrados e, por um curto per\u00edodo, o Tribunal de Assize.<br \/>\nEm 1970, ap\u00f3s a transfer\u00eancia para a nova sede das reparti\u00e7\u00f5es judiciais, o pr\u00e9dio passou por novas reformas para se adaptar \u00e0 se\u00e7\u00e3o do Arquivo do Estado, que passou a funcionar em 1976.<br \/>\nAtualmente, o arquivo conta com nove salas de armazenamento em tr\u00eas andares, cinco salas utilizadas como escrit\u00f3rios, uma sala de estudo e uma grande sala para exposi\u00e7\u00f5es e confer\u00eancias.<br \/>\nAs tarefas do instituto s\u00e3o essencialmente as de prote\u00e7\u00e3o, conserva\u00e7\u00e3o e valoriza\u00e7\u00e3o da documenta\u00e7\u00e3o. Isto \u00e9 realizado atrav\u00e9s de:<br \/>\n\u2022 fiscaliza\u00e7\u00e3o do desenvolvimento dos arquivos dos \u00f3rg\u00e3os do Estado;<br \/>\n\u2022 aquisi\u00e7\u00e3o, sob a forma de compra, dep\u00f3sito ou doa\u00e7\u00e3o, de documenta\u00e7\u00e3o de interesse hist\u00f3rico de reparti\u00e7\u00f5es p\u00fablicas, organismos p\u00fablicos e particulares;<br \/>\n\u2022 a reorganiza\u00e7\u00e3o dos arquivos e o desenvolvimento dos instrumentos de pesquisa relacionados (invent\u00e1rios, \u00edndices, listas de consist\u00eancia, bases de dados);<br \/>\n\u2022 a restaura\u00e7\u00e3o de documentos e a manuten\u00e7\u00e3o e adapta\u00e7\u00e3o funcional do Arquivo;<br \/>\n\u2022 iniciativas educativas dirigidas \u00e0s escolas e iniciativas promocionais que visem promover a valoriza\u00e7\u00e3o dos documentos, tamb\u00e9m em colabora\u00e7\u00e3o com outras institui\u00e7\u00f5es culturais.<br \/>\nO Arquivo Estadual de Verbania oferece ao p\u00fablico os seguintes servi\u00e7os:<br \/>\n\u2022 livre acesso do p\u00fablico \u00e0 sala de estudos para a realiza\u00e7\u00e3o de pesquisas hist\u00f3ricas e administrativas, com o apoio de assessoria t\u00e9cnico-cient\u00edfica prestada pela equipe do instituto;<br \/>\n\u2022 a reprodu\u00e7\u00e3o remunerada de documentos por scanner ou c\u00e2mera realizada pela equipe do instituto;<br \/>\n\u2022 a realiza\u00e7\u00e3o de pesquisas remotas, para fins administrativos e de estudo, via e-mail;<br \/>\n\u2022 visitas educativas mediante reserva, destinadas \u00e0 apresenta\u00e7\u00e3o da documenta\u00e7\u00e3o como fonte hist\u00f3rica, e cursos de curta dura\u00e7\u00e3o para introdu\u00e7\u00e3o dos alunos \u00e0 pesquisa arquiv\u00edstica<\/p>\n","protected":false},"excerpt":{"rendered":"<p>O Arquivo Estatal de Verbania, um escrit\u00f3rio perif\u00e9rico do Minist\u00e9rio da Cultura italiano, foi criado pelo Decreto Ministerial de 27 de mar\u00e7o de 1972 como &#8230; <\/p>\n","protected":false},"author":1,"featured_media":0,"parent":0,"menu_order":0,"comment_status":"closed","ping_status":"closed","template":"","meta":{"footnotes":""},"class_list":["post-637","page","type-page","status-publish","hentry"],"_links":{"self":[{"href":"https:\/\/archiviodistatoverbania.cultura.gov.it\/index.php?rest_route=\/wp\/v2\/pages\/637","targetHints":{"allow":["GET"]}}],"collection":[{"href":"https:\/\/archiviodistatoverbania.cultura.gov.it\/index.php?rest_route=\/wp\/v2\/pages"}],"about":[{"href":"https:\/\/archiviodistatoverbania.cultura.gov.it\/index.php?rest_route=\/wp\/v2\/types\/page"}],"author":[{"embeddable":true,"href":"https:\/\/archiviodistatoverbania.cultura.gov.it\/index.php?rest_route=\/wp\/v2\/users\/1"}],"replies":[{"embeddable":true,"href":"https:\/\/archiviodistatoverbania.cultura.gov.it\/index.php?rest_route=%2Fwp%2Fv2%2Fcomments&post=637"}],"version-history":[{"count":1,"href":"https:\/\/archiviodistatoverbania.cultura.gov.it\/index.php?rest_route=\/wp\/v2\/pages\/637\/revisions"}],"predecessor-version":[{"id":638,"href":"https:\/\/archiviodistatoverbania.cultura.gov.it\/index.php?rest_route=\/wp\/v2\/pages\/637\/revisions\/638"}],"wp:attachment":[{"href":"https:\/\/archiviodistatoverbania.cultura.gov.it\/index.php?rest_route=%2Fwp%2Fv2%2Fmedia&parent=637"}],"curies":[{"name":"wp","href":"https:\/\/api.w.org\/{rel}","templated":true}]}}