{"id":639,"date":"2025-05-05T14:44:28","date_gmt":"2025-05-05T12:44:28","guid":{"rendered":"https:\/\/archiviodistatoverbania.cultura.gov.it\/?page_id=639"},"modified":"2025-05-06T13:56:42","modified_gmt":"2025-05-06T11:56:42","slug":"solicitacao-de-reproducao","status":"publish","type":"page","link":"https:\/\/archiviodistatoverbania.cultura.gov.it\/?page_id=639&lang=pt","title":{"rendered":"Solicita\u00e7\u00e3o de reprodu\u00e7\u00e3o"},"content":{"rendered":"<p>A pesquisa no Arquivo do Estado \u00e9 gratuita e aberta e deve ser realizada diretamente pelo usu\u00e1rio, com o aux\u00edlio dos invent\u00e1rios e instrumentos de pesquisa disponibilizados na Sala de Estudos em formato papel e online no site institucional.<\/p>\n<p>No entanto, o usu\u00e1rio tem a possibilidade de conduzir uma pesquisa remota quando o objeto da mesma estiver bem definido e o usu\u00e1rio puder fornecer refer\u00eancias arquiv\u00edsticas precisas para um n\u00famero limitado de unidades arquiv\u00edsticas a serem consultadas. N\u00e3o \u00e9 poss\u00edvel, por exemplo, pesquisar um nome em toda a cole\u00e7\u00e3o.<\/p>\n<p>\u00c9 poss\u00edvel solicitar uma investiga\u00e7\u00e3o remota:<\/p>\n<p>\u2013 via e-mail para o endere\u00e7o as-vb@cultura.gov.it, anexando obrigatoriamente c\u00f3pia de documento de identidade ou utilizando sua assinatura eletr\u00f4nica; Por favor, indique precisamente o tema da pesquisa, fornecendo todas as informa\u00e7\u00f5es que voc\u00ea possui e especificando qual fundo e quais registros voc\u00ea pretende consultar.<\/p>\n<p>N\u00e3o \u00e9 poss\u00edvel realizar transcri\u00e7\u00f5es\/tradu\u00e7\u00f5es de documentos, pesquisas geneal\u00f3gicas completas e pesquisas em grandes partes do acervo: a equipe do arquivo s\u00f3 pode realizar pesquisas em um n\u00famero limitado de unidades documentais.<\/p>\n<p>As solicita\u00e7\u00f5es ser\u00e3o processadas em at\u00e9 30 dias ap\u00f3s o recebimento.<\/p>\n<p>Somente em casos de emerg\u00eancia comprovada (comparecimento no Tribunal ou cart\u00f3rio, etc.) \u00e9 poss\u00edvel solicitar a redu\u00e7\u00e3o do prazo.<\/p>\n<p>As informa\u00e7\u00f5es solicitadas e qualquer or\u00e7amento para reprodu\u00e7\u00f5es ser\u00e3o fornecidas, juntamente com instru\u00e7\u00f5es de pagamento, se solicitado. A lista de pre\u00e7os ministeriais para reprodu\u00e7\u00f5es est\u00e1 dispon\u00edvel aqui.<\/p>\n<p>Para obter certid\u00f5es de nascimento, resid\u00eancia, casamento e \u00f3bito, voc\u00ea deve dirigir-se aos servi\u00e7os municipais competentes: este Instituto n\u00e3o pode emitir nem autenticar as certid\u00f5es acima mencionadas. Por fim, lembramos que todos os registros vitais aqui armazenados podem ser consultados livremente no Portal Antenati, nesta p\u00e1gina http:\/\/dl.antenati.san.ben\u00edcolali.it\/v\/Archivio+di+Stato+di+Verbania\/<\/p>\n<p>Portanto, n\u00e3o ser\u00e3o levados em considera\u00e7\u00e3o pedidos de certid\u00f5es, buscas gen\u00e9ricas de nomes sem indica\u00e7\u00e3o exata de ano e local de nascimento e buscas nos registros civis \u2014 publicados na \u00edntegra no Portal Antenati.<\/p>\n","protected":false},"excerpt":{"rendered":"<p>A pesquisa no Arquivo do Estado \u00e9 gratuita e aberta e deve ser realizada diretamente pelo usu\u00e1rio, com o aux\u00edlio dos invent\u00e1rios e instrumentos de &#8230; <\/p>\n","protected":false},"author":1,"featured_media":0,"parent":0,"menu_order":0,"comment_status":"closed","ping_status":"closed","template":"","meta":{"footnotes":""},"class_list":["post-639","page","type-page","status-publish","hentry"],"_links":{"self":[{"href":"https:\/\/archiviodistatoverbania.cultura.gov.it\/index.php?rest_route=\/wp\/v2\/pages\/639","targetHints":{"allow":["GET"]}}],"collection":[{"href":"https:\/\/archiviodistatoverbania.cultura.gov.it\/index.php?rest_route=\/wp\/v2\/pages"}],"about":[{"href":"https:\/\/archiviodistatoverbania.cultura.gov.it\/index.php?rest_route=\/wp\/v2\/types\/page"}],"author":[{"embeddable":true,"href":"https:\/\/archiviodistatoverbania.cultura.gov.it\/index.php?rest_route=\/wp\/v2\/users\/1"}],"replies":[{"embeddable":true,"href":"https:\/\/archiviodistatoverbania.cultura.gov.it\/index.php?rest_route=%2Fwp%2Fv2%2Fcomments&post=639"}],"version-history":[{"count":2,"href":"https:\/\/archiviodistatoverbania.cultura.gov.it\/index.php?rest_route=\/wp\/v2\/pages\/639\/revisions"}],"predecessor-version":[{"id":733,"href":"https:\/\/archiviodistatoverbania.cultura.gov.it\/index.php?rest_route=\/wp\/v2\/pages\/639\/revisions\/733"}],"wp:attachment":[{"href":"https:\/\/archiviodistatoverbania.cultura.gov.it\/index.php?rest_route=%2Fwp%2Fv2%2Fmedia&parent=639"}],"curies":[{"name":"wp","href":"https:\/\/api.w.org\/{rel}","templated":true}]}}