{"id":646,"date":"2025-05-05T15:22:44","date_gmt":"2025-05-05T13:22:44","guid":{"rendered":"https:\/\/archiviodistatoverbania.cultura.gov.it\/?page_id=646"},"modified":"2025-05-06T13:29:49","modified_gmt":"2025-05-06T11:29:49","slug":"ueber-uns","status":"publish","type":"page","link":"https:\/\/archiviodistatoverbania.cultura.gov.it\/?page_id=646&lang=de","title":{"rendered":"\u00dcber uns"},"content":{"rendered":"<p>Das Staatsarchiv Verbania, eine Au\u00dfenstelle des italienischen Kulturministeriums, wurde per Ministerialdekret vom 27. M\u00e4rz 1972 als Abteilung des Staatsarchivs Novara zur Aufbewahrung der von den staatlichen \u00c4mtern in der Region Alto Novarese erstellten Dokumente gegr\u00fcndet.<\/p>\n<p>Nach der Gr\u00fcndung der Provinz Verbano-Cusio-Ossola erlangte es per Ministerialdekret vom 24. Mai 1997 seine Autonomie.<\/p>\n<p>Das Archiv befindet sich in einem Geb\u00e4ude mit einem gro\u00dfen Portikus mit Gew\u00f6lbedecke und acht Granits\u00e4ulen, der einen Garten umgibt.<br \/>\nEs wurde ab 1786 als Schulgeb\u00e4ude errichtet und nach der postnapoleonischen Restaurierung als Gymnasium genutzt.<\/p>\n<p>Um 1860 wurden weitere Geb\u00e4ude f\u00fcr Schulzwecke vorgesehen. Das Geb\u00e4ude wurde um das dritte Stockwerk erh\u00f6ht und renoviert, um das Gericht, das Amtsgericht und f\u00fcr kurze Zeit auch das Schwurgericht unterzubringen.<br \/>\n1970, nach dem Umzug der Justizbeh\u00f6rden in den neuen Sitz, wurde das Geb\u00e4ude erneut renoviert, um es f\u00fcr die Unterbringung des Staatsarchivs anzupassen, das 1976 seinen Betrieb aufnahm.<br \/>\nDerzeit verf\u00fcgt das Archiv \u00fcber neun Lagerr\u00e4ume auf drei Etagen, f\u00fcnf B\u00fcror\u00e4ume, einen Studiensaal und einen gro\u00dfen Raum f\u00fcr Ausstellungen und Konferenzen.<br \/>\nDie Aufgaben des Instituts bestehen im Wesentlichen im Schutz, der Erhaltung und der Aufwertung der Dokumentation. Dies geschieht durch:<br \/>\n\u2022 \u00dcberwachung der Entwicklung der Archive staatlicher Stellen;<br \/>\n\u2022 Erwerb von Dokumenten von historischem Interesse von staatlichen Stellen, \u00f6ffentlichen Einrichtungen und Privatpersonen durch Kauf, Hinterlegung oder Schenkung;<br \/>\n\u2022 Reorganisation des Archivs und Entwicklung der zugeh\u00f6rigen Forschungsinstrumente (Inventare, Indizes, Konsistenzlisten, Datenbanken);<br \/>\n\u2022 Restaurierung von Dokumenten sowie die Erhaltung und funktionale Anpassung des Archivs;<br \/>\n\u2022 Bildungsinitiativen f\u00fcr Schulen und F\u00f6rderinitiativen zur F\u00f6rderung der Inwertsetzung von Dokumenten, auch in Zusammenarbeit mit anderen Kultureinrichtungen.<br \/>\nDas Staatsarchiv Verbania bietet der \u00d6ffentlichkeit folgende Dienstleistungen an:<br \/>\n\u2022 kostenloser Zugang zum Studiensaal f\u00fcr die Durchf\u00fchrung historischer und administrativer Recherchen mit Unterst\u00fctzung durch die Mitarbeiter des Instituts;<br \/>\n\u2022 kostenpflichtige Reproduktion von Dokumenten per Scanner oder Kamera durch die Mitarbeiter des Instituts;<br \/>\n\u2022 Fernrecherche f\u00fcr Verwaltungs- und Studienzwecke per E-Mail;<br \/>\n\u2022 Lehrbesuche nach Reservierung, die die Dokumentation als historische Quelle pr\u00e4sentieren, und kurze Forschungskurse, die Studierende in die Archivforschung einf\u00fchren;<\/p>\n","protected":false},"excerpt":{"rendered":"<p>Das Staatsarchiv Verbania, eine Au\u00dfenstelle des italienischen Kulturministeriums, wurde per Ministerialdekret vom 27. M\u00e4rz 1972 als Abteilung des Staatsarchivs Novara zur Aufbewahrung der von den &#8230; <\/p>\n","protected":false},"author":1,"featured_media":0,"parent":0,"menu_order":0,"comment_status":"closed","ping_status":"closed","template":"","meta":{"footnotes":""},"class_list":["post-646","page","type-page","status-publish","hentry"],"_links":{"self":[{"href":"https:\/\/archiviodistatoverbania.cultura.gov.it\/index.php?rest_route=\/wp\/v2\/pages\/646","targetHints":{"allow":["GET"]}}],"collection":[{"href":"https:\/\/archiviodistatoverbania.cultura.gov.it\/index.php?rest_route=\/wp\/v2\/pages"}],"about":[{"href":"https:\/\/archiviodistatoverbania.cultura.gov.it\/index.php?rest_route=\/wp\/v2\/types\/page"}],"author":[{"embeddable":true,"href":"https:\/\/archiviodistatoverbania.cultura.gov.it\/index.php?rest_route=\/wp\/v2\/users\/1"}],"replies":[{"embeddable":true,"href":"https:\/\/archiviodistatoverbania.cultura.gov.it\/index.php?rest_route=%2Fwp%2Fv2%2Fcomments&post=646"}],"version-history":[{"count":1,"href":"https:\/\/archiviodistatoverbania.cultura.gov.it\/index.php?rest_route=\/wp\/v2\/pages\/646\/revisions"}],"predecessor-version":[{"id":647,"href":"https:\/\/archiviodistatoverbania.cultura.gov.it\/index.php?rest_route=\/wp\/v2\/pages\/646\/revisions\/647"}],"wp:attachment":[{"href":"https:\/\/archiviodistatoverbania.cultura.gov.it\/index.php?rest_route=%2Fwp%2Fv2%2Fmedia&parent=646"}],"curies":[{"name":"wp","href":"https:\/\/api.w.org\/{rel}","templated":true}]}}