{"id":65,"date":"2023-06-07T23:37:10","date_gmt":"2023-06-07T21:37:10","guid":{"rendered":"http:\/\/archiviodistatoverbania.cultura.gov.it\/?page_id=65"},"modified":"2023-06-07T23:37:49","modified_gmt":"2023-06-07T21:37:49","slug":"stato-civile","status":"publish","type":"page","link":"https:\/\/archiviodistatoverbania.cultura.gov.it\/?page_id=65","title":{"rendered":"Stato civile"},"content":{"rendered":"\n<p>L\u2019Archivio di Stato di Verbania conserva fonti di diversa tipologia utili allo svolgimento di ricerche anagrafiche e genealogiche per quanto riguarda lo Stato Civile dal 1866 al 1899. La documentazione risulta particolarmente importante per rintracciare notizie sugli antenati originari del Verbano Cusio Ossola che emigrarono in America Latina nel XIX secolo. &nbsp;<\/p>\n\n\n\n<p>I documenti che compongono il fondo dello Stato Civile conservati in questo Istituto sono stati digitalizzati e pubblicati sul Portale<em> Antenati<\/em>, promosso e curato dalla Direzione Generale per gli Archivi, alla pagina seguente:<\/p>\n\n\n\n<p><a href=\"https:\/\/www.antenati.san.beniculturali.it\/archivio\/archivio-di-stato-di-verbania\/\" target=\"_blank\" rel=\"noreferrer noopener\">Portale Antenati \u2013 Sistema Archivistico Nazionale<\/a><\/p>\n\n\n\n<p>La ricerca di un nominativo nella banca dati, invece,&nbsp;pu\u00f2 essere effettuata direttamente dalla homepage del portale <em><a href=\"https:\/\/www.antenati.san.beniculturali.it\/\" target=\"_blank\" rel=\"noreferrer noopener\">Antenati<\/a><\/em>.<\/p>\n\n\n\n<p>Attenzione: non \u00e8 ancora possibile effettuare una ricerca per nominativo all\u2019interno del nostro patrimonio, poich\u00e9 il lavoro di indicizzazione dei dati \u00e8 ancora in corso; \u00e8 necessario sfogliare le scansioni dei registri per ricercare il nominativo richiesto.<\/p>\n\n\n\n<p>Il rilascio di certificati ed estratti dagli atti dello Stato Civile, necessari per la presentazione della domanda di riconoscimento della cittadinanza italiana, \u00e8 di competenza dell\u2019Ufficiale dello Stato Civile del Comune.&nbsp;Per chiedere il rilascio di tali documenti, \u00e8 pertanto necessario rivolgersi al Comune ove \u00e8 stato formato l\u2019atto.<strong> Questo Istituto non pu\u00f2 rilasciare estratti e\/o certificati di nascita, morte, matrimonio.<\/strong><\/p>\n","protected":false},"excerpt":{"rendered":"<p>L\u2019Archivio di Stato di Verbania conserva fonti di diversa tipologia utili allo svolgimento di ricerche anagrafiche e genealogiche per quanto riguarda lo Stato Civile dal &#8230; <\/p>\n","protected":false},"author":1,"featured_media":0,"parent":0,"menu_order":0,"comment_status":"closed","ping_status":"closed","template":"","meta":{"footnotes":""},"class_list":["post-65","page","type-page","status-publish","hentry"],"_links":{"self":[{"href":"https:\/\/archiviodistatoverbania.cultura.gov.it\/index.php?rest_route=\/wp\/v2\/pages\/65","targetHints":{"allow":["GET"]}}],"collection":[{"href":"https:\/\/archiviodistatoverbania.cultura.gov.it\/index.php?rest_route=\/wp\/v2\/pages"}],"about":[{"href":"https:\/\/archiviodistatoverbania.cultura.gov.it\/index.php?rest_route=\/wp\/v2\/types\/page"}],"author":[{"embeddable":true,"href":"https:\/\/archiviodistatoverbania.cultura.gov.it\/index.php?rest_route=\/wp\/v2\/users\/1"}],"replies":[{"embeddable":true,"href":"https:\/\/archiviodistatoverbania.cultura.gov.it\/index.php?rest_route=%2Fwp%2Fv2%2Fcomments&post=65"}],"version-history":[{"count":2,"href":"https:\/\/archiviodistatoverbania.cultura.gov.it\/index.php?rest_route=\/wp\/v2\/pages\/65\/revisions"}],"predecessor-version":[{"id":69,"href":"https:\/\/archiviodistatoverbania.cultura.gov.it\/index.php?rest_route=\/wp\/v2\/pages\/65\/revisions\/69"}],"wp:attachment":[{"href":"https:\/\/archiviodistatoverbania.cultura.gov.it\/index.php?rest_route=%2Fwp%2Fv2%2Fmedia&parent=65"}],"curies":[{"name":"wp","href":"https:\/\/api.w.org\/{rel}","templated":true}]}}