{"id":650,"date":"2025-05-05T15:24:22","date_gmt":"2025-05-05T13:24:22","guid":{"rendered":"https:\/\/archiviodistatoverbania.cultura.gov.it\/?page_id=650"},"modified":"2025-05-06T13:56:03","modified_gmt":"2025-05-06T11:56:03","slug":"unterstuetzte-archivrecherche","status":"publish","type":"page","link":"https:\/\/archiviodistatoverbania.cultura.gov.it\/?page_id=650&lang=de","title":{"rendered":"Unterst\u00fctzte Archivrecherche"},"content":{"rendered":"<p>Die Recherche im Staatsarchiv ist kostenlos und \u00f6ffentlich zug\u00e4nglich und muss vom Nutzer selbst durchgef\u00fchrt werden. Dabei stehen ihm die Inventare und Recherchetools zur Verf\u00fcgung, die im Studiensaal in Papierform und online auf der Website der Institution zur Verf\u00fcgung stehen.<\/p>\n<p>Der Nutzer hat jedoch die M\u00f6glichkeit, eine Fernrecherche durchzuf\u00fchren, sofern sein Forschungsgegenstand klar definiert ist und er pr\u00e4zise Archivnachweise f\u00fcr eine begrenzte Anzahl von Archiveinheiten vorlegen kann. Eine Suche nach einem Namen in der gesamten Sammlung ist beispielsweise nicht m\u00f6glich.<\/p>\n<p>Eine Fernrecherche kann wie folgt beantragt werden:<\/p>\n<p>\u2013 per E-Mail an as-vb@cultura.gov.it, unter Beif\u00fcgung einer Kopie eines Personalausweises oder mit Ihrer elektronischen Signatur. Bitte geben Sie das Recherchethema pr\u00e4zise an, stellen Sie alle Ihnen zur Verf\u00fcgung stehenden Informationen zur Verf\u00fcgung und geben Sie an, welchen Fonds und welche Aufzeichnungen Sie einsehen m\u00f6chten.<\/p>\n<p>Transkriptionen\/\u00dcbersetzungen von Dokumenten, vollst\u00e4ndige genealogische Recherchen und Recherchen in gro\u00dfen Teilen der Sammlung sind nicht m\u00f6glich: Archivmitarbeiter k\u00f6nnen nur in einer begrenzten Anzahl von Dokumenteneinheiten recherchieren.<\/p>\n<p>Anfragen werden innerhalb von 30 Tagen nach Eingang bearbeitet.<\/p>\n<p>Nur in nachgewiesenen Notf\u00e4llen (z. B. Termin beim Gericht oder Notar) kann eine Verk\u00fcrzung der Bearbeitungszeit beantragt werden.<\/p>\n<p>Die angeforderten Informationen und ein Kostenvoranschlag f\u00fcr Reproduktionen werden Ihnen zusammen mit Zahlungsanweisungen zur Verf\u00fcgung gestellt. Die ministerielle Preisliste f\u00fcr Reproduktionen finden Sie hier.<\/p>\n<p>F\u00fcr Geburts-, Aufenthalts-, Heirats- und Sterbeurkunden wenden Sie sich bitte an die zust\u00e4ndigen Gemeinde\u00e4mter. Dieses Institut kann die genannten Urkunden weder ausstellen noch beglaubigen. Abschlie\u00dfend m\u00f6chten wir Sie daran erinnern, dass alle hier gespeicherten Personenstandsregister auf dem Antenati-Portal unter http:\/\/dl.antenati.san.beniculturali.it\/v\/Archivio+di+Stato+di+Verbania\/ kostenlos eingesehen werden k\u00f6nnen.<\/p>\n<p>Anfragen nach Urkunden, allgemeine Namenssuchen ohne genaue Angabe von Geburtsjahr und -ort sowie Suchanfragen in den Personenstandsregistern (vollst\u00e4ndig ver\u00f6ffentlicht auf dem Antenati-Portal) werden daher nicht ber\u00fccksichtigt.<\/p>\n","protected":false},"excerpt":{"rendered":"<p>Die Recherche im Staatsarchiv ist kostenlos und \u00f6ffentlich zug\u00e4nglich und muss vom Nutzer selbst durchgef\u00fchrt werden. Dabei stehen ihm die Inventare und Recherchetools zur Verf\u00fcgung, &#8230; <\/p>\n","protected":false},"author":1,"featured_media":0,"parent":0,"menu_order":0,"comment_status":"closed","ping_status":"closed","template":"","meta":{"footnotes":""},"class_list":["post-650","page","type-page","status-publish","hentry"],"_links":{"self":[{"href":"https:\/\/archiviodistatoverbania.cultura.gov.it\/index.php?rest_route=\/wp\/v2\/pages\/650","targetHints":{"allow":["GET"]}}],"collection":[{"href":"https:\/\/archiviodistatoverbania.cultura.gov.it\/index.php?rest_route=\/wp\/v2\/pages"}],"about":[{"href":"https:\/\/archiviodistatoverbania.cultura.gov.it\/index.php?rest_route=\/wp\/v2\/types\/page"}],"author":[{"embeddable":true,"href":"https:\/\/archiviodistatoverbania.cultura.gov.it\/index.php?rest_route=\/wp\/v2\/users\/1"}],"replies":[{"embeddable":true,"href":"https:\/\/archiviodistatoverbania.cultura.gov.it\/index.php?rest_route=%2Fwp%2Fv2%2Fcomments&post=650"}],"version-history":[{"count":2,"href":"https:\/\/archiviodistatoverbania.cultura.gov.it\/index.php?rest_route=\/wp\/v2\/pages\/650\/revisions"}],"predecessor-version":[{"id":732,"href":"https:\/\/archiviodistatoverbania.cultura.gov.it\/index.php?rest_route=\/wp\/v2\/pages\/650\/revisions\/732"}],"wp:attachment":[{"href":"https:\/\/archiviodistatoverbania.cultura.gov.it\/index.php?rest_route=%2Fwp%2Fv2%2Fmedia&parent=650"}],"curies":[{"name":"wp","href":"https:\/\/api.w.org\/{rel}","templated":true}]}}