{"id":652,"date":"2025-05-05T15:25:37","date_gmt":"2025-05-05T13:25:37","guid":{"rendered":"https:\/\/archiviodistatoverbania.cultura.gov.it\/?page_id=652"},"modified":"2025-05-06T13:29:38","modified_gmt":"2025-05-06T11:29:38","slug":"zahlungen","status":"publish","type":"page","link":"https:\/\/archiviodistatoverbania.cultura.gov.it\/?page_id=652&lang=de","title":{"rendered":"Zahlungen"},"content":{"rendered":"<p>Zahlungen an dieses Institut k\u00f6nnen \u00fcber die <strong>PagoPA<\/strong>-Plattform unter <a href=\"https:\/\/pagonline.cultura.gov.it\/pagamenti-pagopa\/operazioni\/home.do\">dieser Adresse<\/a> erfolgen. Nach der Registrierung m\u00fcssen Sie im Dropdown-Men\u00fc \u201eArchivio di Stato di Verbania\u201c die Option \u201eAcquista servizio\u201c ausw\u00e4hlen, einen der verf\u00fcgbaren Dienste (z. B. Fotoreproduktionsdienst f\u00fcr im Studiensaal selbstst\u00e4ndig zu Verwaltungszwecken aufgenommene Fotos) und die bevorzugte elektronische Zahlungsmethode (Kredit-\/Debitkarte, Girokonto usw.) w\u00e4hlen.<br \/>\nIm Feld \u201eGrund\u201c m\u00fcssen Sie Folgendes angeben: <strong>Archivio di Stato di Verbania \u2013 Servizi aggiuntivi Capo XXIX, Capitolo 2584 Art. 3<\/strong><\/p>\n","protected":false},"excerpt":{"rendered":"<p>Zahlungen an dieses Institut k\u00f6nnen \u00fcber die PagoPA-Plattform unter dieser Adresse erfolgen. Nach der Registrierung m\u00fcssen Sie im Dropdown-Men\u00fc \u201eArchivio di Stato di Verbania\u201c die &#8230; <\/p>\n","protected":false},"author":1,"featured_media":0,"parent":0,"menu_order":0,"comment_status":"closed","ping_status":"closed","template":"","meta":{"footnotes":""},"class_list":["post-652","page","type-page","status-publish","hentry"],"_links":{"self":[{"href":"https:\/\/archiviodistatoverbania.cultura.gov.it\/index.php?rest_route=\/wp\/v2\/pages\/652","targetHints":{"allow":["GET"]}}],"collection":[{"href":"https:\/\/archiviodistatoverbania.cultura.gov.it\/index.php?rest_route=\/wp\/v2\/pages"}],"about":[{"href":"https:\/\/archiviodistatoverbania.cultura.gov.it\/index.php?rest_route=\/wp\/v2\/types\/page"}],"author":[{"embeddable":true,"href":"https:\/\/archiviodistatoverbania.cultura.gov.it\/index.php?rest_route=\/wp\/v2\/users\/1"}],"replies":[{"embeddable":true,"href":"https:\/\/archiviodistatoverbania.cultura.gov.it\/index.php?rest_route=%2Fwp%2Fv2%2Fcomments&post=652"}],"version-history":[{"count":2,"href":"https:\/\/archiviodistatoverbania.cultura.gov.it\/index.php?rest_route=\/wp\/v2\/pages\/652\/revisions"}],"predecessor-version":[{"id":658,"href":"https:\/\/archiviodistatoverbania.cultura.gov.it\/index.php?rest_route=\/wp\/v2\/pages\/652\/revisions\/658"}],"wp:attachment":[{"href":"https:\/\/archiviodistatoverbania.cultura.gov.it\/index.php?rest_route=%2Fwp%2Fv2%2Fmedia&parent=652"}],"curies":[{"name":"wp","href":"https:\/\/api.w.org\/{rel}","templated":true}]}}