{"id":991,"date":"2025-09-26T12:30:33","date_gmt":"2025-09-26T10:30:33","guid":{"rendered":"https:\/\/archiviodistatoverbania.cultura.gov.it\/?page_id=991"},"modified":"2025-09-30T09:02:14","modified_gmt":"2025-09-30T07:02:14","slug":"qui-sommes-nous","status":"publish","type":"page","link":"https:\/\/archiviodistatoverbania.cultura.gov.it\/?page_id=991&lang=fr","title":{"rendered":"Qui sommes nous?"},"content":{"rendered":"<div id=\"pl-991\"  class=\"panel-layout\" ><div id=\"pg-991-0\"  class=\"panel-grid panel-no-style\" ><div id=\"pgc-991-0-0\"  class=\"panel-grid-cell\" ><div id=\"panel-991-0-0-0\" class=\"so-panel widget widget_sow-editor panel-first-child panel-last-child\" data-index=\"0\" ><div\n\t\t\t\n\t\t\tclass=\"so-widget-sow-editor so-widget-sow-editor-base\"\n\t\t\t\n\t\t>\n<div class=\"siteorigin-widget-tinymce textwidget\">\n\t<p>Les Archives d'\u00c9tat de Verbania, bureau p\u00e9riph\u00e9rique du Minist\u00e8re italien de la Culture, ont \u00e9t\u00e9 cr\u00e9\u00e9es par d\u00e9cret minist\u00e9riel du 27 mars 1972 comme section des Archives d'\u00c9tat de Novare pour la conservation de la documentation produite par les bureaux d'\u00c9tat pr\u00e9sents dans la r\u00e9gion de l'Alto Novarese.<br \/>\nApr\u00e8s la cr\u00e9ation de la province du Verbano-Cusio-Ossola, elle est devenue autonome par d\u00e9cret minist\u00e9riel du 24 mai 1997.<\/p>\n<p>Les Archives sont situ\u00e9es dans un b\u00e2timent dot\u00e9 d'un large portique, d'un plafond vo\u00fbt\u00e9 et de huit colonnes de granit, entourant un jardin.<br \/>\nCe b\u00e2timent fut construit \u00e0 partir de 1786 pour abriter des \u00e9coles, et apr\u00e8s la restauration post-napol\u00e9onienne, le gymnase y fut install\u00e9. Vers 1860, d'autres b\u00e2timents furent identifi\u00e9s \u00e0 des fins scolaires, de sorte que le b\u00e2timent fut sur\u00e9lev\u00e9 d'un troisi\u00e8me \u00e9tage et r\u00e9nov\u00e9 pour abriter le Tribunal, le Tribunal d'instance et, pendant une br\u00e8ve p\u00e9riode, la Cour d'assises. En 1970, suite au d\u00e9m\u00e9nagement vers le nouveau si\u00e8ge des tribunaux, le b\u00e2timent subit de nouvelles r\u00e9novations pour l'adapter \u00e0 la section des Archives de l'\u00c9tat, devenue op\u00e9rationnelle en 1976.<br \/>\nActuellement, les archives disposent de neuf espaces de stockage r\u00e9partis sur trois \u00e9tages, de cinq bureaux, d'une salle d'\u00e9tude et d'une grande salle pour les expositions et les conf\u00e9rences.<br \/>\nLes missions de l'institut sont essentiellement la protection, la conservation et la valorisation de la documentation. Cela se fait par:<br \/>\n\u2022 supervision du d\u00e9veloppement des archives des organismes d\u2019\u00c9tat;<br \/>\n\u2022 l\u2019acquisition, par achat, d\u00e9p\u00f4t ou don, de documentation d\u2019int\u00e9r\u00eat historique aupr\u00e8s des administrations de l\u2019\u00c9tat, des organismes publics et des particuliers;<br \/>\n\u2022 la r\u00e9organisation des archives et le d\u00e9veloppement des outils de recherche correspondants (inventaires, index, listes de coh\u00e9rence, bases de donn\u00e9es);<br \/>\n\u2022 la restauration des documents et l\u2019entretien et l\u2019adaptation fonctionnelle du si\u00e8ge;<br \/>\n\u2022 Initiatives \u00e9ducatives destin\u00e9es aux centres \u00e9ducatifs et promotionnels pour promouvoir la valorisation des documents, \u00e9galement en collaboration avec d'autres institutions culturelles. Les Archives d'\u00c9tat de Verbania offrent au public les services suivants:<br \/>\n\u2022 Acc\u00e8s libre \u00e0 la salle d\u2019\u00e9tude pour effectuer des recherches historiques et administratives avec l\u2019appui des conseils techniques et scientifiques du personnel de l\u2019institut;<br \/>\n\u2022 Reproduction de documents \u00e0 l\u2019aide d\u2019un scanner ou d\u2019un appareil photo, par le personnel de l\u2019institut;<br \/>\n\u2022 Recherche \u00e0 distance, \u00e0 des fins administratives et d\u2019\u00e9tudes, par courriel;<br \/>\n\u2022 Des visites p\u00e9dagogiques sur r\u00e9servation, destin\u00e9es \u00e0 pr\u00e9senter la documentation comme source historique, et des cours de recherche courts pour initier les \u00e9tudiants \u00e0 la recherche archivistique.<\/p>\n<\/div>\n<\/div><\/div><\/div><div id=\"pgc-991-0-1\"  class=\"panel-grid-cell\" ><div id=\"panel-991-0-1-0\" class=\"so-panel widget widget_media_image panel-first-child panel-last-child\" data-index=\"1\" ><img loading=\"lazy\" decoding=\"async\" width=\"640\" height=\"800\" src=\"https:\/\/archiviodistatoverbania.cultura.gov.it\/wp-content\/uploads\/2025\/09\/doc00362020250526120848_001-819x1024.jpg\" class=\"image wp-image-958  attachment-large size-large\" alt=\"\" style=\"max-width: 100%; height: auto;\" srcset=\"https:\/\/archiviodistatoverbania.cultura.gov.it\/wp-content\/uploads\/2025\/09\/doc00362020250526120848_001-819x1024.jpg 819w, https:\/\/archiviodistatoverbania.cultura.gov.it\/wp-content\/uploads\/2025\/09\/doc00362020250526120848_001-240x300.jpg 240w, https:\/\/archiviodistatoverbania.cultura.gov.it\/wp-content\/uploads\/2025\/09\/doc00362020250526120848_001-768x960.jpg 768w, https:\/\/archiviodistatoverbania.cultura.gov.it\/wp-content\/uploads\/2025\/09\/doc00362020250526120848_001-1229x1536.jpg 1229w, https:\/\/archiviodistatoverbania.cultura.gov.it\/wp-content\/uploads\/2025\/09\/doc00362020250526120848_001-1639x2048.jpg 1639w\" sizes=\"auto, (max-width: 640px) 100vw, 640px\" \/><\/div><\/div><\/div><\/div>","protected":false},"excerpt":{"rendered":"<p>Les Archives d&#8217;\u00c9tat de Verbania, bureau p\u00e9riph\u00e9rique du Minist\u00e8re italien de la Culture, ont \u00e9t\u00e9 cr\u00e9\u00e9es par d\u00e9cret minist\u00e9riel du 27 mars 1972 comme section &#8230; <\/p>\n","protected":false},"author":1,"featured_media":0,"parent":0,"menu_order":0,"comment_status":"closed","ping_status":"closed","template":"page-fullwidth.php","meta":{"footnotes":""},"class_list":["post-991","page","type-page","status-publish","hentry"],"_links":{"self":[{"href":"https:\/\/archiviodistatoverbania.cultura.gov.it\/index.php?rest_route=\/wp\/v2\/pages\/991","targetHints":{"allow":["GET"]}}],"collection":[{"href":"https:\/\/archiviodistatoverbania.cultura.gov.it\/index.php?rest_route=\/wp\/v2\/pages"}],"about":[{"href":"https:\/\/archiviodistatoverbania.cultura.gov.it\/index.php?rest_route=\/wp\/v2\/types\/page"}],"author":[{"embeddable":true,"href":"https:\/\/archiviodistatoverbania.cultura.gov.it\/index.php?rest_route=\/wp\/v2\/users\/1"}],"replies":[{"embeddable":true,"href":"https:\/\/archiviodistatoverbania.cultura.gov.it\/index.php?rest_route=%2Fwp%2Fv2%2Fcomments&post=991"}],"version-history":[{"count":6,"href":"https:\/\/archiviodistatoverbania.cultura.gov.it\/index.php?rest_route=\/wp\/v2\/pages\/991\/revisions"}],"predecessor-version":[{"id":1007,"href":"https:\/\/archiviodistatoverbania.cultura.gov.it\/index.php?rest_route=\/wp\/v2\/pages\/991\/revisions\/1007"}],"wp:attachment":[{"href":"https:\/\/archiviodistatoverbania.cultura.gov.it\/index.php?rest_route=%2Fwp%2Fv2%2Fmedia&parent=991"}],"curies":[{"name":"wp","href":"https:\/\/api.w.org\/{rel}","templated":true}]}}